{"id":59,"date":"2022-11-10T10:28:19","date_gmt":"2022-11-10T09:28:19","guid":{"rendered":"http:\/\/zahnaerzte-nonnweiler.de\/?page_id=59"},"modified":"2025-09-18T10:53:39","modified_gmt":"2025-09-18T08:53:39","slug":"impressum","status":"publish","type":"page","link":"https:\/\/zahnaerzte-nonnweiler.de\/index.php\/impressum\/","title":{"rendered":"Impressum"},"content":{"rendered":"<p>[et_pb_section fb_built=&#8220;1&#8243; _builder_version=&#8220;4.19.0&#8243; _module_preset=&#8220;default&#8220; custom_padding=&#8220;6px|||||&#8220; global_colors_info=&#8220;{}&#8220;][et_pb_row _builder_version=&#8220;4.19.0&#8243; _module_preset=&#8220;default&#8220; custom_padding=&#8220;||5px|||&#8220; global_colors_info=&#8220;{}&#8220;][et_pb_column type=&#8220;4_4&#8243; _builder_version=&#8220;4.19.0&#8243; _module_preset=&#8220;default&#8220; global_colors_info=&#8220;{}&#8220;][et_pb_icon font_icon=&#8220;&#x6c;||divi||400&#8243; icon_width=&#8220;70px&#8220; icon_width_tablet=&#8220;50px&#8220; icon_width_phone=&#8220;40px&#8220; icon_width_last_edited=&#8220;on|tablet&#8220; _builder_version=&#8220;4.19.0&#8243; _module_preset=&#8220;default&#8220; custom_margin=&#8220;||5px|||&#8220; global_colors_info=&#8220;{}&#8220;][\/et_pb_icon][\/et_pb_column][\/et_pb_row][et_pb_row _builder_version=&#8220;4.19.0&#8243; _module_preset=&#8220;default&#8220; custom_padding=&#8220;||5px|||&#8220; global_colors_info=&#8220;{}&#8220;][et_pb_column type=&#8220;4_4&#8243; _builder_version=&#8220;4.19.0&#8243; _module_preset=&#8220;default&#8220; global_colors_info=&#8220;{}&#8220;][et_pb_text _builder_version=&#8220;4.19.0&#8243; _module_preset=&#8220;default&#8220; header_text_color=&#8220;#E02B20&#8243; global_colors_info=&#8220;{}&#8220;]<\/p>\n<h3 style=\"text-align: center;\">Impressum<\/h3>\n<p>[\/et_pb_text][\/et_pb_column][\/et_pb_row][et_pb_row _builder_version=&#8220;4.19.0&#8243; _module_preset=&#8220;default&#8220; custom_margin=&#8220;3px|auto||auto||&#8220; global_colors_info=&#8220;{}&#8220;][et_pb_column type=&#8220;4_4&#8243; _builder_version=&#8220;4.19.0&#8243; _module_preset=&#8220;default&#8220; global_colors_info=&#8220;{}&#8220;][et_pb_text _builder_version=&#8220;4.19.0&#8243; _module_preset=&#8220;default&#8220; text_line_height=&#8220;1em&#8220; global_colors_info=&#8220;{}&#8220;]<\/p>\n<div class=\"clearfix grpelem\" id=\"ppu196\" style=\"text-align: left;\">\n<h4>Zahnarztpraxis Dr.med.dent. Reto M\u00fcller MSc<\/h4>\n<p>&nbsp;<\/p>\n<div class=\"clearfix colelem\" id=\"pu727\">\n<div class=\"clearfix grpelem\" id=\"u1044-108\">\n<h4><strong><\/strong><\/h4>\n<p id=\"u1044-11\">Am Hammerberg 1a<\/p>\n<p id=\"u1044-13\">66620 Nonnweiler<\/p>\n<p id=\"u1044-15\">Telefon:\u00a0 06873-544<\/p>\n<p id=\"u1044-17\">Telefax:\u00a0 06873-669413<\/p>\n<p id=\"u1044-19\">E-Mail: info@reto-mueller.de<\/p>\n<p id=\"u1044-22\">Umsatzsteuer-Identifikationsnummer gem\u00e4\u00df \u00a727 a Umsatzsteuergesetz:<\/p>\n<p id=\"u1044-24\">DE 70 421 258 690<\/p>\n<p>&nbsp;<\/p>\n<p id=\"u1044-27\">Aufsichtsbeh\u00f6rde: \u00c4rztekammer des Saarlandes<\/p>\n<p id=\"u1044-29\">Berufsbezeichnung: Zahn\u00e4rztliche Gemeinschaftspraxis<\/p>\n<p id=\"u1044-31\">Zust\u00e4ndige Kammer: \u00c4rztekammer des Saarlandes<\/p>\n<p id=\"u1044-33\">Es gelten folgende berufsrechtliche Regelungen:<\/p>\n<p id=\"u1044-35\">Regelungen einsehbar unter: <a href=\"https:\/\/www.zahnaerzte-saarland.de\">https:\/\/www.zahnaerzte-saarland.de<\/a><\/p>\n<p>&nbsp;<\/p>\n<p id=\"u1044-38\"><strong>F\u00fcr den Inhalt verantwortlich<\/strong><\/p>\n<p id=\"u1044-40\">Zahnarzt Dr. Reto M\u00fcller<\/p>\n<p>&nbsp;<\/p>\n<p id=\"u1044-46\"><strong>Landesbeauftragte f\u00fcr Datenschutz und Informationsfreiheit<\/strong><\/p>\n<p id=\"u1044-48\">Monika Grethel<\/p>\n<p id=\"u1044-50\">Fritz-Dobischstr. 2<\/p>\n<p id=\"u1044-52\">66026 Saarbr\u00fccken<\/p>\n<p id=\"u1044-54\">Tel: 0681-94781-0<\/p>\n<p id=\"u1044-57\">Webdesign:\u00a0 DynaORTH<\/p>\n<p>&nbsp;<\/p>\n<p id=\"u1044-60\"><strong>Berufsrechtliche Regelungen<\/strong><\/p>\n<p id=\"u1044-62\">Es gelten folgende berufsrechtliche Regelungen:<\/p>\n<p id=\"u1044-64\">\u2022 Heilberufe Kammergesetz<\/p>\n<p id=\"u1044-66\">\u2022 Zahnheilkundegesetz<\/p>\n<p id=\"u1044-68\">\u2022 Berufsordnung<\/p>\n<p id=\"u1044-70\">\u2022 Geb\u00fchrenordnung f\u00fcr Zahn\u00e4rzte (GOZ)<\/p>\n<p id=\"u1044-72\">Die oben genannten Regelungen sind einsehbar auf der Website der Zahn\u00e4rztekammer Saarland.<\/p>\n<p>&nbsp;<\/p>\n<p id=\"u1044-75\"><strong>Verbraucherschlichtungsverfahren<\/strong><\/p>\n<p id=\"u1044-77\">Im Hinblick auf eine Verpflichtung aus den \u00a7\u00a7 36, 37 Verbraucherstreitbeilegungsgesetz setzen wir unsere Patienten \u00fcber Folgendes in Kenntnis: Unsere Praxis ist nicht zur Teilnahme an einem au\u00dfergerichtlichen Streitbeilegungsverfahren vor einer Verbraucherschlichtungsstelle verpflichtet und nimmt auch an einem au\u00dfergerichtlichen Streitbeilegungsverfahren vor einer Verbraucherschlichtungsstelle nicht teil.<\/p>\n<p>&nbsp;<\/p>\n<p id=\"u1044-80\"><strong>Haftungsausschluss<\/strong><\/p>\n<p id=\"u1044-82\">Unsere Zahnarztpraxis (nachfolgend Praxis genannt) \u00fcbernimmt keinerlei Gew\u00e4hr f\u00fcr die Aktualit\u00e4t, Korrektheit, Vollst\u00e4ndigkeit oder Qualit\u00e4t der bereitgestellten Informationen.<\/p>\n<p id=\"u1044-84\">Haftungsanspr\u00fcche gegen unsere Praxis, welche sich auf Sch\u00e4den materieller oder ideeller Art beziehen, die durch die Nutzung oder Nichtnutzung der dargebotenen Informationen bzw. durch die Nutzung fehlerhafter und unvollst\u00e4ndiger Informationen verursacht wurden, sind grunds\u00e4tzlich ausgeschlossen, sofern seitens unserer Praxis kein nachweislich vors\u00e4tzliches oder grob fahrl\u00e4ssiges Verschulden vorliegt.<\/p>\n<p id=\"u1044-86\">Unsere Praxis beh\u00e4lt es sich ausdr\u00fccklich vor, Teile der Seiten oder das gesamte Angebot ohne gesonderte Ank\u00fcndigung zu ver\u00e4ndern, zu erg\u00e4nzen, zu l\u00f6schen oder die Ver\u00f6ffentlichung zeitweise oder endg\u00fcltig einzustellen.<\/p>\n<p>&nbsp;<\/p>\n<p id=\"u1044-89\"><strong>Urheber- und Kennzeichenrecht<\/strong><\/p>\n<p><strong><\/strong><\/p>\n<p id=\"u1044-91\">Alle innerhalb des Internetangebotes genannten und gegebenenfalls durch Dritte gesch\u00fctzten Marken- und Warenzeichen unterliegen uneingeschr\u00e4nkt den Bestimmungen des jeweils g\u00fcltigen Kennzeichenrechts und den Besitzrechten der jeweiligen eingetragenen Eigent\u00fcmer.<\/p>\n<p id=\"u1044-93\">Das Copyright f\u00fcr ver\u00f6ffentlichte, vom Autor selbst erstellte Objekte bleibt allein beim Autor der Seiten. Eine Vervielf\u00e4ltigung oder Verwendung solcher Grafiken, Tondokumente, Videosequenzen und Texte in anderen elektronischen oder gedruckten Publikationen ist ohne ausdr\u00fcckliche Zustimmung des Autors nicht gestattet.<\/p>\n<p id=\"u1044-96\">Quellenangaben f\u00fcr die verwendeten Bilder und Grafiken: idaeus | marken- &amp; werbemanufaktur, <a href=\"https:\/\/depositphotos.com\">https:\/\/depositphotos.com<\/a><\/p>\n<p>&nbsp;<\/p>\n<p id=\"u1044-99\"><strong>Streitschlichtung<\/strong><\/p>\n<p id=\"u1044-101\">Die Europ\u00e4ische Kommission stellt eine Plattform zur Online-Streitbeilegung bereit: httpss:\/\/ec.europa.eu\/consumers\/odr<\/p>\n<p id=\"u1044-103\">Wir sind weder bereit noch verpflichtet, an Streitbeilegungsverfahren vor einer Verbraucherschlichtungsstelle teilzunehmen.<\/p>\n<\/div>\n<\/div>\n<\/div>\n<p>[\/et_pb_text][\/et_pb_column][\/et_pb_row][\/et_pb_section]<\/p>\n","protected":false},"excerpt":{"rendered":"<p>Impressum Zahnarztpraxis Dr.med.dent. Reto M\u00fcller MSc &nbsp; Am Hammerberg 1a 66620 Nonnweiler Telefon:\u00a0 06873-544 Telefax:\u00a0 06873-669413 E-Mail: info@reto-mueller.de Umsatzsteuer-Identifikationsnummer gem\u00e4\u00df \u00a727 a Umsatzsteuergesetz: DE 70 421 258 690 &nbsp; Aufsichtsbeh\u00f6rde: \u00c4rztekammer des Saarlandes Berufsbezeichnung: Zahn\u00e4rztliche Gemeinschaftspraxis Zust\u00e4ndige Kammer: \u00c4rztekammer des Saarlandes Es gelten folgende berufsrechtliche Regelungen: Regelungen einsehbar unter: https:\/\/www.zahnaerzte-saarland.de &nbsp; F\u00fcr den Inhalt verantwortlich [&hellip;]<\/p>\n","protected":false},"author":1,"featured_media":0,"parent":0,"menu_order":0,"comment_status":"closed","ping_status":"closed","template":"","meta":{"_et_pb_use_builder":"on","_et_pb_old_content":"","_et_gb_content_width":"","footnotes":""},"class_list":["post-59","page","type-page","status-publish","hentry"],"_links":{"self":[{"href":"https:\/\/zahnaerzte-nonnweiler.de\/index.php\/wp-json\/wp\/v2\/pages\/59","targetHints":{"allow":["GET"]}}],"collection":[{"href":"https:\/\/zahnaerzte-nonnweiler.de\/index.php\/wp-json\/wp\/v2\/pages"}],"about":[{"href":"https:\/\/zahnaerzte-nonnweiler.de\/index.php\/wp-json\/wp\/v2\/types\/page"}],"author":[{"embeddable":true,"href":"https:\/\/zahnaerzte-nonnweiler.de\/index.php\/wp-json\/wp\/v2\/users\/1"}],"replies":[{"embeddable":true,"href":"https:\/\/zahnaerzte-nonnweiler.de\/index.php\/wp-json\/wp\/v2\/comments?post=59"}],"version-history":[{"count":0,"href":"https:\/\/zahnaerzte-nonnweiler.de\/index.php\/wp-json\/wp\/v2\/pages\/59\/revisions"}],"wp:attachment":[{"href":"https:\/\/zahnaerzte-nonnweiler.de\/index.php\/wp-json\/wp\/v2\/media?parent=59"}],"curies":[{"name":"wp","href":"https:\/\/api.w.org\/{rel}","templated":true}]}}